{"id":2390,"date":"2022-09-30T15:20:29","date_gmt":"2022-09-30T13:20:29","guid":{"rendered":"https:\/\/demo.shukalb.al\/?page_id=2390"},"modified":"2022-10-20T14:03:06","modified_gmt":"2022-10-20T12:03:06","slug":"covid-19-dhe-uji","status":"publish","type":"page","link":"https:\/\/shukalb.al\/?page_id=2390&lang=sq","title":{"rendered":"COVID-19 dhe Uji"},"content":{"rendered":"<p><section class=\"kc-elm kc-css-240583 kc_row\"><div class=\"kc-row-container  kc-container\"><div class=\"kc-wrap-columns\"><div class=\"kc-elm kc-css-774514 kc_col-sm-12 kc_column kc_col-sm-12\"><div class=\"kc-col-container\"><div class=\"kc-elm kc-css-859742 kc_shortcode kc_single_image\">\n\n        <img decoding=\"async\" src=\"https:\/\/shukalb.al\/wp-content\/uploads\/2022\/10\/COVID-19-dhe-Uji-634x235-1.png\" class=\"\" alt=\"\" \/>    <\/div>\n<div class=\"kc-elm kc-css-957168\" style=\"height: 40px; clear: both; width:100%;\"><\/div><div class=\"kc-elm kc-css-824960 kc_text_block\"><\/p>\n<p><a href=\"https:\/\/shukalb.al\/wp-content\/uploads\/2022\/10\/Permbledhje-e-Webinar-it-15-Maj-2020.pdf\" target=\"_blank\" rel=\"noopener\"><strong>PERMBLEDHJE E WEBINARIT TE SHUKALB \u201cVAZHDIM\u00cbSIA E SH\u00cbRBIMEVE UJ\u00cbSJELL\u00cbS KANALIZIME N\u00cbN KRIZ\u00cbN E COVID-19\u00a0 \u2013 SFIDAT DHE M\u00cbSIMET E NXJERRA\u201d \u2013 15 MAJ 2020<\/strong><\/a><\/p>\n<p><a href=\"https:\/\/shukalb.al\/wp-content\/uploads\/2022\/10\/Permbledhje-e-Webinar-it-22-Maj-2020.pdf\" target=\"_blank\" rel=\"noopener\"><strong>SH\u00cbNIME P\u00cbRMBLEDH\u00cbSE WEBINAR: BASHK\u00cbPUNIMI I AKTOR\u00cbVE KRYESOR\u00cb N\u00cb MB\u00cbSHTETJE T\u00cb NEVOJAVE EMERGJENTE T\u00cb SHOQ\u00cbRIVE UK \u2013 22 MAJ 2020<\/strong><\/a><\/p>\n<p><a href=\"https:\/\/shukalb.al\/wp-content\/uploads\/2022\/10\/Ndikimet-e-pandemise-COVID-19-ne-sistemet-e-ujit-te-pijshem-dhe-ujerat-e-ndotur-ne-Shqiperi-.pdf\" target=\"_blank\" rel=\"noopener\"><strong>REZULTATET E ANKETIMIT TE SHUKALB MBI NDIKIMET E PANDEMIS\u00cb COVID-19 N\u00cb SISTEMET E UJIT T\u00cb PIJSH\u00cbM DHE UJ\u00cbRAT E NDOTUR N\u00cb SHQIP\u00cbRI<\/strong><\/a><\/p>\n<p>\n<\/div><\/div><\/div><\/div><\/div><\/section><section class=\"kc-elm kc-css-202749 kc_row\"><div class=\"kc-row-container  kc-container\"><div class=\"kc-wrap-columns\"><div class=\"kc-elm kc-css-960866 kc_col-sm-12 kc_column kc_col-sm-12\"><div class=\"kc-col-container\"><div class=\"kc-elm kc-css-228351\" style=\"height: 59px; clear: both; width:100%;\"><\/div><\/div><\/div><\/div><\/div><\/section><section class=\"kc-elm kc-css-528578 kc_row\"><div class=\"kc-row-container  kc-container\"><div class=\"kc-wrap-columns\"><div class=\"kc-elm kc-css-449942 kc_col-of-5 kc_column kc_col-of-5\"><div class=\"kc-col-container\"><div class=\"kc-elm kc-css-4178 kc_shortcode kc_single_image\">\n\n        <img decoding=\"async\" src=\"https:\/\/shukalb.al\/wp-content\/uploads\/2022\/09\/Survey-150x150.jpg\" class=\"\" alt=\"\" \/>    <\/div>\n<\/div><\/div><div class=\"kc-elm kc-css-379276 kc_col-sm-10 kc_column kc_col-sm-10\"><div class=\"kc-col-container\"><div class=\"kc-elm kc-css-706870 kc_text_block\"><\/p>\n<p>\nGjat\u00eb muajit prill 2020, SHUKALB zhvilloi nj\u00eb anketim online drejtuar shoq\u00ebrive uj\u00ebsjell\u00ebs kanalizime dhe organizatave t\u00eb tjera t\u00eb sektorit t\u00eb ujit n\u00eb Shqip\u00ebri, n\u00eb m\u00ebnyr\u00eb q\u00eb t\u00eb mas\u00eb ndikimin fillestar t\u00eb pandemis\u00eb dhe masave q\u00eb jan\u00eb nd\u00ebrmarr\u00eb p\u00ebr t\u00eb menaxhuar rrezikun dhe planet p\u00ebr emergjencat.<\/p>\n<p>Anketimi u shp\u00ebrnda dhe mblodhi informacion gjat\u00eb periudh\u00ebs 6-24 Prill, 2020. Gjithsej mor\u00ebn pjes\u00eb 132 t\u00eb anketuar, 105 persona nga Shoq\u00ebrit\u00eb UK n\u00eb Shqip\u00ebri dhe 27 nga institucione t\u00eb tjera.<\/p>\n<p>\n<\/div><\/div><\/div><\/div><\/div><\/section><section class=\"kc-elm kc-css-88092 kc_row\"><div class=\"kc-row-container  kc-container\"><div class=\"kc-wrap-columns\"><div class=\"kc-elm kc-css-789121 kc_col-sm-10 kc_column kc_col-sm-10\"><div class=\"kc-col-container\"><div class=\"kc-elm kc-css-401224 kc_text_block\"><\/p>\n<p>Ne d\u00ebshirojm\u00eb t\u00eb ndajm\u00eb me ju raportin e plot\u00eb t\u00eb rezultateve t\u00eb anketimit, t\u00eb cilin mund ta gjeni n\u00eb k\u00ebt\u00eb<strong>\u00a0<a href=\"http:\/\/shukalb.al\/wp-content\/uploads\/2021\/07\/Ndikimet-e-pandemis%C3%AB-COVID-19-n%C3%AB-sistemet-e-ujit-t%C3%AB-pijsh%C3%ABm-dhe-uj%C3%ABrat-e-ndotur-n%C3%AB-Shqip%C3%ABri-1-1.pdf\" target=\"_blank\" rel=\"noopener\">link<\/a>.<\/strong><\/p>\n<p>\n<\/div><div class=\"kc-elm kc-css-805132 kc_text_block\"><\/p>\n<p>\n<a href=\"http:\/\/shukalb.al\/wp-content\/uploads\/2020\/03\/Albanian_WHO-2019-NcOV-IPC_WASH-2020.1.pdf\"><strong>UDH\u00cbZIM I OBSH P\u00cbR FURNIZIMIN ME UJ\u00cb, KANALIZIMET, HIGJEN\u00cbN DHE MENAXHIMIN E MBETJEVE P\u00cbR VIRUSIN COVID-19<\/strong><\/a><\/p>\n<p>\n<\/div><\/div><\/div><div class=\"kc-elm kc-css-632062 kc_col-sm-2 kc_column kc_col-sm-2\"><div class=\"kc-col-container\"><\/div><\/div><\/div><\/div><\/section><section class=\"kc-elm kc-css-287697 kc_row\"><div class=\"kc-row-container  kc-container\"><div class=\"kc-wrap-columns\"><div class=\"kc-elm kc-css-195014 kc_col-sm-12 kc_column kc_col-sm-12\"><div class=\"kc-col-container\"><div class=\"kc-elm kc-css-622997\" style=\"height: 59px; clear: both; width:100%;\"><\/div><\/div><\/div><\/div><\/div><\/section><section class=\"kc-elm kc-css-481952 kc_row\"><div class=\"kc-row-container  kc-container\"><div class=\"kc-wrap-columns\"><div class=\"kc-elm kc-css-711254 kc_col-sm-12 kc_column kc_col-sm-12\"><div class=\"kc-col-container\"><div class=\"kc-elm kc-css-746846 kc_shortcode kc_single_image\">\n\n        <img decoding=\"async\" src=\"https:\/\/shukalb.al\/wp-content\/uploads\/2022\/09\/OBSH.jpg\" class=\"\" alt=\"\" \/>    <\/div>\n<div class=\"kc-elm kc-css-794073\" style=\"height: 59px; clear: both; width:100%;\"><\/div><div class=\"kc-elm kc-css-95352 kc_text_block\"><\/p>\n<h2><strong>AKTET NORMATIVE TE K\u00cbSHILLIT T\u00cb MINISTRAVE T\u00cb QEVERIS\u00cb S\u00cb SHQIP\u00cbRIS\u00cb<\/strong><\/h2>\n<p>\n<\/div><div class=\"kc-elm kc-css-346197 kc_text_block diskul\"><\/p>\n<ul style=\"border: 0px; font-family: Helvetica, sans-serif; font-size: 14px; margin: 0px 0px 20px 30px; outline: 0px; padding: 0px; vertical-align: baseline; list-style-position: initial; list-style-image: initial; color: #1d1d1d;\">\n<li><a href=\"https:\/\/shukalb.al\/wp-content\/uploads\/2022\/10\/akt-normativ-2020-03-11-2.pdf\" target=\"_blank\" rel=\"noopener\"><strong>Akt normativ i K\u00ebshillit t\u00eb Ministrave nr.2, dat\u00eb 11.3.2020<\/strong><\/a><\/li>\n<li><strong><a href=\"https:\/\/shukalb.al\/wp-content\/uploads\/2022\/10\/ligj-nr.-15-dt.-10.3.2016-1-1.pdf\" target=\"_blank\" rel=\"noopener\">Ligj Nr. 15\/2016 P\u00ebr Parandalimin dhe Luftimin e Infeksioneve dhe S\u00ebmundjeve Infektive<\/a><\/strong><\/li>\n<li><a href=\"https:\/\/shukalb.al\/wp-content\/uploads\/2022\/10\/Akti-Normativ-nr.-3-date-15-mars-Per-marrjen-e-masava-te-vecanta-administrative-gjate-kohezgjatjes-se-periudhes-se-infeksionit-te-shkaktuar-nga-COVID-19.pdf\" target=\"_blank\" rel=\"noopener\"><strong>Akt normativ i K\u00ebshillit t\u00eb Ministrave nr. 3, dat\u00eb 15.3.2020 (P\u00ebr marrjen e masave t\u00eb ve\u00e7anta administrative gjat\u00eb koh\u00ebzgjatjes s\u00eb periudh\u00ebs s\u00eb infeksionit t\u00eb shkaktuar nga COVID-19)<\/strong><\/a><\/li>\n<\/ul>\n<p>\n<\/div><div class=\"kc-elm kc-css-906160\" style=\"height: 59px; clear: both; width:100%;\"><\/div><div class=\"kc-elm kc-css-531189 kc_text_block\"><\/p>\n<h2><strong>MINISTRIA E SH\u00cbNDET\u00cbSIS\u00cb DHE MBROJTJES SOCIALE<\/strong><\/h2>\n<p>\n<\/div><div class=\"kc-elm kc-css-336758 kc_text_block diskul\"><\/p>\n<ul style=\"border: 0px; font-family: Helvetica, sans-serif; font-size: 14px; margin: 0px 0px 20px 30px; outline: 0px; padding: 0px; vertical-align: baseline; list-style-position: initial; list-style-image: initial; color: #1d1d1d;\">\n<li><strong><a href=\"https:\/\/shukalb.al\/wp-content\/uploads\/2022\/10\/Covid_AL-spreads.pdf\" target=\"_blank\" rel=\"noopener\">COVID \u2013 19 Plan Veprimi p\u00ebr Shqip\u00ebrin\u00eb<\/a><\/strong><\/li>\n<li><strong><a href=\"https:\/\/shendetesia.gov.al\/masat-e-reja-per-te-parandaluar-perhapjen-e-covid-19\/\" target=\"_blank\" rel=\"noopener\">Masat e reja p\u00ebr t\u00eb parandaluar p\u00ebrhapjen e COVID-19<\/a><\/strong><\/li>\n<\/ul>\n<p>\n<\/div><div class=\"kc-elm kc-css-579128\" style=\"height: 59px; clear: both; width:100%;\"><\/div><div class=\"kc-elm kc-css-581156 kc_text_block\"><\/p>\n<h2><strong>INSTITUTI I SH\u00cbNDETIT PUBLIK<\/strong><\/h2>\n<p>\n<\/div><div class=\"kc-elm kc-css-723580 kc_text_block diskul\"><\/p>\n<ul style=\"border: 0px; font-family: Helvetica, sans-serif; font-size: 14px; margin: 0px 0px 20px 30px; outline: 0px; padding: 0px; vertical-align: baseline; list-style-position: initial; list-style-image: initial; color: #1d1d1d;\">\n<li><strong><a href=\"http:\/\/www.ishp.gov.al\/event\/cfare-eshte-koronavirusi\/\" target=\"_blank\" rel=\"noopener\">\u00c7far\u00eb \u00ebsht\u00eb koronavirusi?<\/a><\/strong><\/li>\n<li><strong><a href=\"http:\/\/www.ishp.gov.al\/si-mund-ta-mbroj-veten-nga-koronavirusi-i-ri\/\" target=\"_blank\" rel=\"noopener\">Si mund t\u00eb mbrohemi nga Koronavirusi i ri?<\/a><\/strong><\/li>\n<li><strong><a href=\"http:\/\/www.ishp.gov.al\/pergatitja-e-vendit-tuaj-te-punes-per-covid-19\/\" target=\"_blank\" rel=\"noopener\">P\u00ebrgatitja e vendit tuaj t\u00eb pun\u00ebs p\u00ebr COVID-19<\/a><\/strong><\/li>\n<li><strong><a href=\"http:\/\/www.ishp.gov.al\/si-duhet-ta-vesh-dhe-heq-masken\/\" target=\"_blank\" rel=\"noopener\">Si duhet ta vesh dhe heq mask\u00ebn?<\/a><\/strong><\/li>\n<\/ul>\n<p>\n<\/div><div class=\"kc-elm kc-css-740886\" style=\"height: 59px; clear: both; width:100%;\"><\/div><div class=\"kc-elm kc-css-109329 kc_text_block\"><\/p>\n<h2><b><strong>PUBLIKIME NGA BANKA BOT\u00cbRORE<\/strong><\/b><\/h2>\n<p>\n<\/div><div class=\"kc-elm kc-css-499395 kc_text_block diskul\"><\/p>\n<ul style=\"border: 0px; font-family: Helvetica, sans-serif; font-size: 14px; margin: 0px 0px 20px 30px; outline: 0px; padding: 0px; vertical-align: baseline; list-style-position: initial; list-style-image: initial; color: #1d1d1d;\">\n<li><strong><a href=\"https:\/\/www.worldbank.org\/en\/topic\/water\/brief\/wash-water-sanitation-hygiene-and-covid-19\" target=\"_blank\" rel=\"noopener\">WASH (Water, Sanitation &#038; Hygiene) and COVID-19\u00a0(<em>WASH (Uj\u00eb, Sanitet, Higjen\u00eb) dhe COVID-19<\/em>)<\/a><\/strong><\/li>\n<\/ul>\n<p>\n<\/div><div class=\"kc-elm kc-css-653061\" style=\"height: 59px; clear: both; width:100%;\"><\/div><div class=\"kc-elm kc-css-103503 kc_text_block\"><\/p>\n<h2><strong>PUBLIKIME NGA SHOQATA ND\u00cbRKOMB\u00cbTARE E KOMPANIVE UJ\u00cbSJELL\u00cbS KANALIZIME N\u00cb ZON\u00cbN E MBULIMIT T\u00cb LUMIT DANUB (IAWD)<\/strong><\/h2>\n<p>\n<\/div><div class=\"kc-elm kc-css-274349 kc_text_block diskul\"><\/p>\n<ul style=\"border: 0px; font-family: Helvetica, sans-serif; font-size: 14px; margin: 0px 0px 20px 30px; outline: 0px; padding: 0px; vertical-align: baseline; list-style-position: initial; list-style-image: initial; color: #1d1d1d;\">\n<li>\n<ul>\n<li><a href=\"https:\/\/www.iawd.at\/update-and-information-on-the-corona-virus-for-water-and-wastewater-utilities\/\" target=\"_blank\" rel=\"noopener\"><strong>P\u00ebrdit\u00ebsim dhe informacion mbi koronavirusin p\u00ebr shoq\u00ebrit\u00eb uj\u00ebsjell\u00ebs kanalizime<\/strong><\/a><\/li>\n<\/ul>\n<p><a href=\"https:\/\/www.iawd.at\/update-and-information-on-the-corona-virus-for-water-and-wastewater-utilities\/\" target=\"_blank\" rel=\"noopener\"><img loading=\"lazy\" decoding=\"async\" class=\"alignnone size-medium\" src=\"https:\/\/www.iawd.at\/wp-content\/uploads\/2020\/03\/coronavirus-4817450_1920-1030x348.jpg\" width=\"1030\" height=\"348\" \/><\/a><\/p>\n<ul>\n<li><a href=\"https:\/\/shukalb.al\/wp-content\/uploads\/2022\/10\/20200324_IAWD-information-on-measures-for-water-and-waste-water-utilities.pdf\" target=\"_blank\" rel=\"noopener\"><strong>P\u00ebrgatitja dhe masat q\u00eb duhet t\u00eb merren nga shoq\u00ebrit\u00eb uj\u00ebsjell\u00ebs kanalizime n\u00eb kuad\u00ebr t\u00eb epidemive dhe pandemive<\/strong><\/a><\/li>\n<li><strong><a href=\"https:\/\/shukalb.al\/wp-content\/uploads\/2022\/10\/20200316_IAWD-information-on-Corona-for-water-and-wastewater-utilities.pdf\" target=\"_blank\" rel=\"noopener\">P\u00ebrdit\u00ebsim dhe informacion mbi koronavirusin e ri p\u00ebr shoq\u00ebrit\u00eb uj\u00ebsjell\u00ebs kanalizime<\/a><\/strong><\/li>\n<li><a href=\"https:\/\/shukalb.al\/wp-content\/uploads\/2022\/10\/D-LeaP_WSP_1019.pdf\" target=\"_blank\" rel=\"noopener\"><strong>Plani i Siguris\u00eb s\u00eb Ujit dhe Menaxhimi i Krizave: Domosdoshm\u00ebria e Vazhdim\u00ebsis\u00eb s\u00eb Biznesit p\u00ebr Menaxhimin e Rrezikut nga Fatkeq\u00ebsit\u00eb<\/strong><\/a><\/li>\n<\/ul>\n<\/li>\n<\/ul>\n<p>\n<\/div><div class=\"kc-elm kc-css-857692\" style=\"height: 59px; clear: both; width:100%;\"><\/div><div class=\"kc-elm kc-css-408044 kc_text_block\"><\/p>\n<h2><strong>SHOQ\u00cbRIT\u00cb UJ\u00cbSJELL\u00cbS KANALIZIME N\u00cb SHQIP\u00cbRI MARRIN MASA P\u00cbR PARANDALIMIN DHE MBROJTJEN NDAJ P\u00cbRHAPJES S\u00cb COVID-19<\/strong><\/h2>\n<p>\n<\/div><\/div><\/div><\/div><\/div><\/section><section class=\"kc-elm kc-css-434965 kc_row\"><div class=\"kc-row-container  kc-container\"><div class=\"kc-wrap-columns\"><div class=\"kc-elm kc-css-140907 kc_col-sm-5 kc_column kc_col-sm-5\"><div class=\"kc-col-container\"><div class=\"kc-elm kc-css-251864 kc_text_block diskul\"><\/p>\n<p>\n<a href=\"http:\/\/shukalb.al\/wp-content\/uploads\/2020\/04\/Uk-Lezhe_March2020.jpeg\"><img loading=\"lazy\" decoding=\"async\" class=\"aligncenter size-full wp-image-3332\" src=\"http:\/\/shukalb.al\/wp-content\/uploads\/2020\/04\/Uk-Lezhe_March2020.jpeg\" sizes=\"auto, (max-width: 1021px) 100vw, 1021px\" srcset=\"https:\/\/shukalb.al\/wp-content\/uploads\/2020\/04\/Uk-Lezhe_March2020.jpeg 1021w, https:\/\/shukalb.al\/wp-content\/uploads\/2020\/04\/Uk-Lezhe_March2020-300x169.jpeg 300w, https:\/\/shukalb.al\/wp-content\/uploads\/2020\/04\/Uk-Lezhe_March2020-768x433.jpeg 768w\" alt=\"\" width=\"1021\" height=\"576\" \/><\/a><\/p>\n<p>\n<\/div><\/div><\/div><div class=\"kc-elm kc-css-313623 kc_col-sm-7 kc_column kc_col-sm-7\"><div class=\"kc-col-container\"><div class=\"kc-elm kc-css-310586 kc_text_block diskul\"><\/p>\n<p>N\u00eb kuad\u00ebr t\u00eb emergjenc\u00ebs s\u00eb shkaktuar nga virusi COVID-19 dhe n\u00eb mb\u00ebshtetje t\u00eb akteve normative t\u00eb posa\u00e7me t\u00eb nxjerra nga Qeveria e Shqip\u00ebris\u00eb, Shoq\u00ebrit\u00eb UK n\u00eb mbar\u00eb Shqip\u00ebrin\u00eb nd\u00ebrmorr\u00ebn masa t\u00eb ve\u00e7anta administrative p\u00ebr parandalimin e p\u00ebrhapjes s\u00eb infeksionit t\u00eb shkaktuar nga COVID-19.<\/p>\n<p>SHUKALB \u00ebsht\u00eb duke monitoruar nga af\u00ebr situat\u00ebn dhe \u00ebsht\u00eb n\u00eb n\u00eb kontakt t\u00eb vazhduesh\u00ebm me Shoq\u00ebrit\u00eb an\u00ebtare t\u00eb tij duke u informuar mbi ecurin\u00eb e masave t\u00eb marra, si dhe duke ndar\u00eb informacion t\u00eb vlefsh\u00ebm me ta.<\/p>\n<p>Shumica e shoq\u00ebrive UK kan\u00eb organizuar stafin n\u00eb grupe t\u00eb posa\u00e7me pune, sipas sektor\u00ebve p\u00ebrkat\u00ebs.\u00a0<a href=\"https:\/\/shukalb.al\/sq\/shoqerite-ujesjelles-kanalizime-ne-shqiperi-marrin-masa-per-parandalimin-dhe-mbrojtjen-ndaj-perhapjes-se-covid-19\/\" target=\"_blank\" rel=\"noopener\"><span class=\"x_-757092949marker\">lexo m\u00eb shum\u00eb<\/span><\/a><\/p>\n<p>\n<\/div><\/div><\/div><\/div><\/div><\/section><section class=\"kc-elm kc-css-83835 kc_row\"><div class=\"kc-row-container  kc-container\"><div class=\"kc-wrap-columns\"><div class=\"kc-elm kc-css-981033 kc_col-sm-12 kc_column kc_col-sm-12\"><div class=\"kc-col-container\"><div class=\"kc-elm kc-css-310525\" style=\"height: 59px; clear: both; width:100%;\"><\/div><div class=\"kc-elm kc-css-364739 kc_text_block\"><\/p>\n<h2><strong>\u00c7FAR\u00cb MUND T\u00cb B\u00cbJN\u00cb OPERATOR\u00cbT E SHOQ\u00cbRIVE UJ\u00cbSJELL\u00cbS KANALIZIME N\u00cb LUFT\u00cbN KUND\u00cbR COVID-19<\/strong><\/h2>\n<p>\n<\/div><div class=\"kc-elm kc-css-598702 kc_text_block\"><\/p>\n<p>\n<em>Artikulli \u00ebsht\u00eb marr\u00eb nga\u00a0<\/em><a href=\"https:\/\/gwopa.org\/\" target=\"_blank\" rel=\"noopener\"><em>faqja e internetit<\/em><\/a><em>\u00a0t\u00eb Aleanc\u00ebs s\u00eb Partneritetit Global t\u00eb Operator\u00ebve t\u00eb Ujit (GWOPA *) dhe \u00ebsht\u00eb p\u00ebrkthyer n\u00eb shqip nga SHUKALB.<\/em><\/p>\n<p>\n<\/div><\/div><\/div><\/div><\/div><\/section><section class=\"kc-elm kc-css-564664 kc_row\"><div class=\"kc-row-container  kc-container\"><div class=\"kc-wrap-columns\"><div class=\"kc-elm kc-css-541378 kc_col-sm-5 kc_column kc_col-sm-5\"><div class=\"kc-col-container\"><div class=\"kc-elm kc-css-928341\" style=\"height: 16px; clear: both; width:100%;\"><\/div><div class=\"kc-elm kc-css-12022 kc_text_block\"><\/p>\n<p>\n<img loading=\"lazy\" decoding=\"async\" class=\"alignleft wp-image-3325 size-medium\" src=\"http:\/\/shukalb.al\/wp-content\/uploads\/2020\/04\/GWOPA-article-.jpg\" alt=\"\" width=\"624\" height=\"347\" \/><\/p>\n<p>\n<\/div><\/div><\/div><div class=\"kc-elm kc-css-769719 kc_col-sm-6 kc_column kc_col-sm-6\"><div class=\"kc-col-container\"><div class=\"kc-elm kc-css-793786 kc_text_block diskul\"><\/p>\n<p>COVID-19 \u00ebsht\u00eb b\u00ebr\u00eb nj\u00eb shqet\u00ebsim serioz global p\u00ebr sh\u00ebndetin. \u00a0Nd\u00ebrmarrja e veprimeve p\u00ebr t\u00eb ngadal\u00ebsuar p\u00ebrhapjen dhe p\u00ebr t\u00eb mb\u00ebshtetur sh\u00ebrimin nga s\u00ebmundja, do t\u00eb shp\u00ebtoj\u00eb jet\u00eb dhe do t\u00eb zbus\u00eb ndikimin social dhe ekonomik nga kjo pandemi.<\/p>\n<p><strong>Aksesi ndaj sh\u00ebrbimit t\u00eb sigurt t\u00eb furnizimit me uj\u00eb dhe kanalizimeve \u00ebsht\u00eb thelb\u00ebsor p\u00ebr higjen\u00ebn e mir\u00eb q\u00eb k\u00ebrkohet p\u00ebr t\u00eb ndaluar p\u00ebrhapjen dhe p\u00ebr t\u00eb ulur ndikimin e virusit.<\/strong><\/p>\n<p>COVID-19 kalon p\u00ebrmes pik\u00eblave t\u00eb frym\u00ebmarrjes nga njer\u00ebzit e infektuar t\u00eb cilat shpesh p\u00ebrhapen nga dora n\u00eb goj\u00eb \u2013 k\u00ebshtu q\u00eb larja e duhur, e rregullt e duarve, \u00ebsht\u00eb m\u00ebnyra m\u00eb efektive p\u00ebr t\u00eb zvog\u00ebluar transmetimin. \u00a0Transmetimi fekal-oral \u00ebsht\u00eb m\u00eb pak i zakonsh\u00ebm, por n\u00eb zonat ku mungojn\u00eb sh\u00ebrbimet sanitare, mund t\u00eb b\u00ebhet nj\u00eb vektor dometh\u00ebn\u00ebs. Virusi Corona \u00e7aktivizohet nga trajtimi tipik i ujit q\u00eb p\u00ebrfshin filtrimin dhe dezinfektimin, por mund t\u00eb rezistoj\u00eb n\u00eb ujin e patrajtuar.\u00a0<a href=\"https:\/\/shukalb.al\/sq\/cfare-mund-te-bejne-operatoret-e-shoqerive-ujesjelles-kanalizime-ne-luften-kunder-covid-19\/\" target=\"_blank\" rel=\"noopener\"><span class=\"x_-757092949marker\">lexo m\u00eb shum\u00eb<\/span><\/a><\/p>\n<p>\n<\/div><\/div><\/div><\/div><\/div><\/section><\/p>\n","protected":false},"excerpt":{"rendered":"","protected":false},"author":2,"featured_media":782,"parent":0,"menu_order":0,"comment_status":"closed","ping_status":"closed","template":"","meta":{"footnotes":""},"class_list":["post-2390","page","type-page","status-publish","has-post-thumbnail","hentry"],"_links":{"self":[{"href":"https:\/\/shukalb.al\/index.php?rest_route=\/wp\/v2\/pages\/2390","targetHints":{"allow":["GET"]}}],"collection":[{"href":"https:\/\/shukalb.al\/index.php?rest_route=\/wp\/v2\/pages"}],"about":[{"href":"https:\/\/shukalb.al\/index.php?rest_route=\/wp\/v2\/types\/page"}],"author":[{"embeddable":true,"href":"https:\/\/shukalb.al\/index.php?rest_route=\/wp\/v2\/users\/2"}],"replies":[{"embeddable":true,"href":"https:\/\/shukalb.al\/index.php?rest_route=%2Fwp%2Fv2%2Fcomments&post=2390"}],"version-history":[{"count":0,"href":"https:\/\/shukalb.al\/index.php?rest_route=\/wp\/v2\/pages\/2390\/revisions"}],"wp:featuredmedia":[{"embeddable":true,"href":"https:\/\/shukalb.al\/index.php?rest_route=\/wp\/v2\/media\/782"}],"wp:attachment":[{"href":"https:\/\/shukalb.al\/index.php?rest_route=%2Fwp%2Fv2%2Fmedia&parent=2390"}],"curies":[{"name":"wp","href":"https:\/\/api.w.org\/{rel}","templated":true}]}}