{"id":3179,"date":"2022-10-09T00:10:38","date_gmt":"2022-10-08T22:10:38","guid":{"rendered":"https:\/\/demo.shukalb.al\/?page_id=3179"},"modified":"2022-11-24T22:56:40","modified_gmt":"2022-11-24T21:56:40","slug":"zgjidhje-te-bazuara-ne-natyre","status":"publish","type":"page","link":"https:\/\/shukalb.al\/?page_id=3179&lang=sq","title":{"rendered":"Zgjidhje t\u00eb bazuara n\u00eb natyr\u00eb"},"content":{"rendered":"<p><section class=\"kc-elm kc-css-778770 kc_row\"><div class=\"kc-row-container  kc-container\"><div class=\"kc-wrap-columns\"><div class=\"kc-elm kc-css-631799 kc_col-sm-12 kc_column kc_col-sm-12\"><div class=\"kc-col-container\"><div class=\"kc-elm kc-css-419667 kc_text_block\"><\/p>\n<h1><strong>Zgjidhje t\u00eb bazuara n\u00eb natyr\u00eb<\/strong><\/h1>\n<p>\n<\/div><\/div><\/div><\/div><\/div><\/section><section class=\"kc-elm kc-css-141525 kc_row\"><div class=\"kc-row-container  kc-container\"><div class=\"kc-wrap-columns\"><div class=\"kc-elm kc-css-164648 kc_col-sm-2 kc_column kc_col-sm-2\"><div class=\"kc-col-container\"><div class=\"kc-elm kc-css-258778 kc_text_block\"><\/p>\n<h3 style=\"text-align: center;\"><strong>2022<\/strong><\/h3>\n<p>\n<\/div><\/div><\/div><div class=\"kc-elm kc-css-648203 kc_col-sm-10 kc_column kc_col-sm-10\"><div class=\"kc-col-container\"><div class=\"kc-elm kc-css-464371 kc_text_block\"><\/p>\n<h3><strong>Development of a Project Document for the Implementation of Nature-Based Solutions for Wastewater Treatment in Two Rural Areas in the Drin River Basin<\/strong><\/h3>\n<p>\n<\/div><div class=\"kc-elm kc-css-660673 kc_text_block\"><\/p>\n<p>The project document on \u2018<em>\u2019Development of a Project Document for the implementation of Nature-Based Solutions for Wastewater treatment in two rural areas in the Drin River Basin\u2019\u2019<\/em> was developed in the frame of SEE Nexus project funded from Austrian Development Agency (ADA) implemented from Global Water Partnership for Mediterranean (GWP-Med). The project document was sub-contracted to be developed to the consortium composed from IRIDRA consultants, SHUKALB \u2013 Water Supply and Sewerage Association of Albania) and BOKU \u2013 University of Natural Resources and Life Sciences, Vienna.<\/p>\n<p>The scope of the project document was to identity, assess and design two pilot projects for implementation of a natural based solution (NBS) with the purpose to treat out the wastewater in rural areas in Albania and Kosovo. Through the project document the consultant considered several technologies and proposed the most optimal solution for implementation, by applying as well the NEXUS (Water-Energy-Food Ecosystems Nexus) approach.<\/p>\n<p>\n<\/div><div class=\"kc-elm kc-css-641498\" style=\"height: 20px; clear: both; width:100%;\"><\/div><\/div><\/div><\/div><\/div><\/section><\/p>\n","protected":false},"excerpt":{"rendered":"","protected":false},"author":2,"featured_media":0,"parent":0,"menu_order":0,"comment_status":"closed","ping_status":"closed","template":"","meta":{"footnotes":""},"class_list":["post-3179","page","type-page","status-publish","hentry"],"_links":{"self":[{"href":"https:\/\/shukalb.al\/index.php?rest_route=\/wp\/v2\/pages\/3179","targetHints":{"allow":["GET"]}}],"collection":[{"href":"https:\/\/shukalb.al\/index.php?rest_route=\/wp\/v2\/pages"}],"about":[{"href":"https:\/\/shukalb.al\/index.php?rest_route=\/wp\/v2\/types\/page"}],"author":[{"embeddable":true,"href":"https:\/\/shukalb.al\/index.php?rest_route=\/wp\/v2\/users\/2"}],"replies":[{"embeddable":true,"href":"https:\/\/shukalb.al\/index.php?rest_route=%2Fwp%2Fv2%2Fcomments&post=3179"}],"version-history":[{"count":0,"href":"https:\/\/shukalb.al\/index.php?rest_route=\/wp\/v2\/pages\/3179\/revisions"}],"wp:attachment":[{"href":"https:\/\/shukalb.al\/index.php?rest_route=%2Fwp%2Fv2%2Fmedia&parent=3179"}],"curies":[{"name":"wp","href":"https:\/\/api.w.org\/{rel}","templated":true}]}}